{"id":100001527,"date":"2019-09-13T17:43:15","date_gmt":"2019-09-13T15:43:15","guid":{"rendered":"https:\/\/wendt-noise-control.de\/?page_id=100001527"},"modified":"2019-09-16T10:44:47","modified_gmt":"2019-09-16T08:44:47","slug":"aero-acoustic-wind-tunnel","status":"publish","type":"page","link":"https:\/\/wendt-noise-control.de\/en\/aero-acoustic-wind-tunnel\/","title":{"rendered":"Aero Acoustic Wind Tunnel"},"content":{"rendered":"<p>{&#8220;main-title&#8221;:{&#8220;component&#8221;:&#8221;hc_title&#8221;,&#8221;id&#8221;:&#8221;main-title&#8221;,&#8221;title&#8221;:&#8221;Akustische Messr\u00e4ume und Pr\u00fcfst\u00e4nde&#8221;,&#8221;subtitle&#8221;:&#8221;&#8221;,&#8221;title_content&#8221;:{&#8220;component&#8221;:&#8221;hc_title_base&#8221;,&#8221;id&#8221;:&#8221;title-base&#8221;,&#8221;image&#8221;:&#8221;&#8221;,&#8221;breadcrumbs&#8221;:false,&#8221;white&#8221;:true}},&#8221;section_5ZtkF&#8221;:{&#8220;component&#8221;:&#8221;hc_section&#8221;,&#8221;id&#8221;:&#8221;section_5ZtkF&#8221;,&#8221;section_width&#8221;:&#8221;&#8221;,&#8221;animation&#8221;:&#8221;&#8221;,&#8221;animation_time&#8221;:&#8221;&#8221;,&#8221;timeline_animation&#8221;:&#8221;&#8221;,&#8221;timeline_delay&#8221;:&#8221;&#8221;,&#8221;timeline_order&#8221;:&#8221;&#8221;,&#8221;vertical_row&#8221;:&#8221;&#8221;,&#8221;box_middle&#8221;:&#8221;&#8221;,&#8221;css_classes&#8221;:&#8221;&#8221;,&#8221;custom_css_classes&#8221;:&#8221;&#8221;,&#8221;custom_css_styles&#8221;:&#8221;&#8221;,&#8221;section_content&#8221;:[{&#8220;component&#8221;:&#8221;hc_column&#8221;,&#8221;id&#8221;:&#8221;column_Zs10o&#8221;,&#8221;column_width&#8221;:&#8221;col-md-4&#8243;,&#8221;animation&#8221;:&#8221;&#8221;,&#8221;animation_time&#8221;:&#8221;&#8221;,&#8221;timeline_animation&#8221;:&#8221;&#8221;,&#8221;timeline_delay&#8221;:&#8221;&#8221;,&#8221;timeline_order&#8221;:&#8221;&#8221;,&#8221;css_classes&#8221;:&#8221;&#8221;,&#8221;custom_css_classes&#8221;:&#8221;&#8221;,&#8221;custom_css_styles&#8221;:&#8221;&#8221;,&#8221;main_content&#8221;:[{&#8220;component&#8221;:&#8221;hc_title_tag&#8221;,&#8221;id&#8221;:&#8221;cIueO&#8221;,&#8221;css_classes&#8221;:&#8221;text-color &#8220;,&#8221;custom_css_classes&#8221;:&#8221;&#8221;,&#8221;custom_css_styles&#8221;:&#8221;&#8221;,&#8221;text&#8221;:&#8221;We produce a silent air flow&#8221;,&#8221;tag&#8221;:&#8221;h1&#8243;}]},{&#8220;component&#8221;:&#8221;hc_column&#8221;,&#8221;id&#8221;:&#8221;column_1Gs9F&#8221;,&#8221;column_width&#8221;:&#8221;col-md-8&#8243;,&#8221;animation&#8221;:&#8221;&#8221;,&#8221;animation_time&#8221;:&#8221;&#8221;,&#8221;timeline_animation&#8221;:&#8221;&#8221;,&#8221;timeline_delay&#8221;:&#8221;&#8221;,&#8221;timeline_order&#8221;:&#8221;&#8221;,&#8221;css_classes&#8221;:&#8221;&#8221;,&#8221;custom_css_classes&#8221;:&#8221;&#8221;,&#8221;custom_css_styles&#8221;:&#8221;&#8221;,&#8221;main_content&#8221;:[{&#8220;component&#8221;:&#8221;hc_image_box&#8221;,&#8221;id&#8221;:&#8221;4t2mI&#8221;,&#8221;css_classes&#8221;:&#8221;&#8221;,&#8221;custom_css_classes&#8221;:&#8221;&#8221;,&#8221;custom_css_styles&#8221;:&#8221;&#8221;,&#8221;image&#8221;:&#8221;https:\/\/wendt-noise-control.de\/wp-content\/uploads\/2016\/12\/Wendt-Noise-Control-Aero-Akustik-Windkanal&#8211;1024&#215;630.jpg|876|1424|100001496&#8243;,&#8221;link_type&#8221;:&#8221;classic&#8221;,&#8221;lightbox_animation&#8221;:&#8221;&#8221;,&#8221;caption&#8221;:&#8221;&#8221;,&#8221;inner_caption&#8221;:false,&#8221;new_window&#8221;:false,&#8221;link&#8221;:&#8221;&#8221;,&#8221;link_content&#8221;:[],&#8221;lightbox_size&#8221;:&#8221;&#8221;,&#8221;scrollbox&#8221;:false,&#8221;icon&#8221;:&#8221;&#8221;,&#8221;style&#8221;:&#8221;&#8221;,&#8221;icon_position&#8221;:&#8221;&#8221;,&#8221;image_animation&#8221;:&#8221;&#8221;,&#8221;icon_animation&#8221;:&#8221;&#8221;,&#8221;thumb_size&#8221;:&#8221;large&#8221;,&#8221;icon_hidden&#8221;:true,&#8221;img_box_inner_caption&#8221;:true,&#8221;caption_img_box&#8221;:&#8221;&#8221;,&#8221;alt&#8221;:&#8221;&#8221;},{&#8220;component&#8221;:&#8221;hc_space&#8221;,&#8221;id&#8221;:&#8221;sXzyy&#8221;,&#8221;css_classes&#8221;:&#8221;&#8221;,&#8221;custom_css_classes&#8221;:&#8221;&#8221;,&#8221;custom_css_styles&#8221;:&#8221;&#8221;,&#8221;size&#8221;:&#8221;s&#8221;,&#8221;height&#8221;:&#8221;&#8221;}]},{&#8220;component&#8221;:&#8221;hc_column&#8221;,&#8221;id&#8221;:&#8221;column_SUETN&#8221;,&#8221;column_width&#8221;:&#8221;col-md-4&#8243;,&#8221;animation&#8221;:&#8221;&#8221;,&#8221;animation_time&#8221;:&#8221;&#8221;,&#8221;timeline_animation&#8221;:&#8221;&#8221;,&#8221;timeline_delay&#8221;:&#8221;&#8221;,&#8221;timeline_order&#8221;:&#8221;&#8221;,&#8221;css_classes&#8221;:&#8221;&#8221;,&#8221;custom_css_classes&#8221;:&#8221;&#8221;,&#8221;custom_css_styles&#8221;:&#8221;&#8221;,&#8221;main_content&#8221;:[{&#8220;component&#8221;:&#8221;hc_image_box&#8221;,&#8221;id&#8221;:&#8221;HLWvy&#8221;,&#8221;css_classes&#8221;:&#8221;&#8221;,&#8221;custom_css_classes&#8221;:&#8221;&#8221;,&#8221;custom_css_styles&#8221;:&#8221;&#8221;,&#8221;image&#8221;:&#8221;https:\/\/wendt-noise-control.de\/wp-content\/uploads\/2019\/09\/Wendt-Noise-Control-Aero-Akustik-Windkanal-skizze-1024&#215;630.jpg|876|1424|100001517&#8243;,&#8221;link_type&#8221;:&#8221;lightbox&#8221;,&#8221;lightbox_animation&#8221;:&#8221;&#8221;,&#8221;caption&#8221;:&#8221;&#8221;,&#8221;inner_caption&#8221;:false,&#8221;new_window&#8221;:false,&#8221;link&#8221;:&#8221;https:\/\/wendt-noise-control.de\/wp-content\/uploads\/2019\/09\/Wendt-Noise-Control-Aero-Akustik-Windkanal-skizze.jpg&#8221;,&#8221;link_content&#8221;:[],&#8221;lightbox_size&#8221;:&#8221;&#8221;,&#8221;scrollbox&#8221;:false,&#8221;icon&#8221;:&#8221;&#8221;,&#8221;style&#8221;:&#8221;&#8221;,&#8221;icon_position&#8221;:&#8221;&#8221;,&#8221;image_animation&#8221;:&#8221;&#8221;,&#8221;icon_animation&#8221;:&#8221;&#8221;,&#8221;thumb_size&#8221;:&#8221;large&#8221;,&#8221;icon_hidden&#8221;:true,&#8221;img_box_inner_caption&#8221;:true,&#8221;caption_img_box&#8221;:&#8221;&#8221;,&#8221;alt&#8221;:&#8221;&#8221;}]},{&#8220;component&#8221;:&#8221;hc_column&#8221;,&#8221;id&#8221;:&#8221;column_KXvdY&#8221;,&#8221;column_width&#8221;:&#8221;col-md-8&#8243;,&#8221;animation&#8221;:&#8221;&#8221;,&#8221;animation_time&#8221;:&#8221;&#8221;,&#8221;timeline_animation&#8221;:&#8221;&#8221;,&#8221;timeline_delay&#8221;:&#8221;&#8221;,&#8221;timeline_order&#8221;:&#8221;&#8221;,&#8221;css_classes&#8221;:&#8221;&#8221;,&#8221;custom_css_classes&#8221;:&#8221;&#8221;,&#8221;custom_css_styles&#8221;:&#8221;&#8221;,&#8221;main_content&#8221;:[{&#8220;component&#8221;:&#8221;hc_text_block&#8221;,&#8221;id&#8221;:&#8221;18lW8&#8243;,&#8221;css_classes&#8221;:&#8221;&#8221;,&#8221;custom_css_classes&#8221;:&#8221;&#8221;,&#8221;custom_css_styles&#8221;:&#8221;&#8221;,&#8221;content&#8221;:&#8221;In the wind tunnel an optimized flow technology combined with sound-absorbing linings must be harmonized. All turning vanes act as highly efficient silencers equipped with upstream and downstream profiles to reduce the pressure loss.\\n\\nOur employees have a high level of expertise &#8211; they have contributed their knowledge in a large number of projects for well-known clients, such as Lockheed Martin Atlanta, NASA Glenn Research Center Cleveland, DaimlerChrysler Auburn Hills, DLR AAWT Braunschweig, China Automotive Engineering Research Institute (CAERI)  Chongqing, Boeing Seattle as well as Guangzhou Automobile Group (GAC) &#8220;}]},{&#8220;component&#8221;:&#8221;hc_column&#8221;,&#8221;id&#8221;:&#8221;column_mJo7e&#8221;,&#8221;column_width&#8221;:&#8221;col-md-12&#8243;,&#8221;animation&#8221;:&#8221;&#8221;,&#8221;animation_time&#8221;:&#8221;&#8221;,&#8221;timeline_animation&#8221;:&#8221;&#8221;,&#8221;timeline_delay&#8221;:&#8221;&#8221;,&#8221;timeline_order&#8221;:&#8221;&#8221;,&#8221;css_classes&#8221;:&#8221;&#8221;,&#8221;custom_css_classes&#8221;:&#8221;&#8221;,&#8221;custom_css_styles&#8221;:&#8221;&#8221;,&#8221;main_content&#8221;:[{&#8220;component&#8221;:&#8221;hc_space&#8221;,&#8221;id&#8221;:&#8221;K391a&#8221;,&#8221;css_classes&#8221;:&#8221;&#8221;,&#8221;custom_css_classes&#8221;:&#8221;&#8221;,&#8221;custom_css_styles&#8221;:&#8221;&#8221;,&#8221;size&#8221;:&#8221;&#8221;,&#8221;height&#8221;:&#8221;&#8221;},{&#8220;component&#8221;:&#8221;hc_separator&#8221;,&#8221;id&#8221;:&#8221;84QXs&#8221;,&#8221;css_classes&#8221;:&#8221;&#8221;,&#8221;custom_css_classes&#8221;:&#8221;&#8221;,&#8221;custom_css_styles&#8221;:&#8221;&#8221;,&#8221;style&#8221;:&#8221;h&#8221;}]},{&#8220;component&#8221;:&#8221;hc_column&#8221;,&#8221;id&#8221;:&#8221;column_0ZCyX&#8221;,&#8221;column_width&#8221;:&#8221;col-md-4&#8243;,&#8221;animation&#8221;:&#8221;&#8221;,&#8221;animation_time&#8221;:&#8221;&#8221;,&#8221;timeline_animation&#8221;:&#8221;&#8221;,&#8221;timeline_delay&#8221;:&#8221;&#8221;,&#8221;timeline_order&#8221;:&#8221;&#8221;,&#8221;css_classes&#8221;:&#8221;&#8221;,&#8221;custom_css_classes&#8221;:&#8221;&#8221;,&#8221;custom_css_styles&#8221;:&#8221;&#8221;,&#8221;main_content&#8221;:[{&#8220;component&#8221;:&#8221;hc_title_tag&#8221;,&#8221;id&#8221;:&#8221;BCoyX&#8221;,&#8221;css_classes&#8221;:&#8221;&#8221;,&#8221;custom_css_classes&#8221;:&#8221;&#8221;,&#8221;custom_css_styles&#8221;:&#8221;&#8221;,&#8221;text&#8221;:&#8221;PROJECTS&#8221;,&#8221;tag&#8221;:&#8221;h2&#8243;}]},{&#8220;component&#8221;:&#8221;hc_column&#8221;,&#8221;id&#8221;:&#8221;column_SjCnu&#8221;,&#8221;column_width&#8221;:&#8221;col-md-8&#8243;,&#8221;animation&#8221;:&#8221;&#8221;,&#8221;animation_time&#8221;:&#8221;&#8221;,&#8221;timeline_animation&#8221;:&#8221;&#8221;,&#8221;timeline_delay&#8221;:&#8221;&#8221;,&#8221;timeline_order&#8221;:&#8221;&#8221;,&#8221;css_classes&#8221;:&#8221;&#8221;,&#8221;custom_css_classes&#8221;:&#8221;&#8221;,&#8221;custom_css_styles&#8221;:&#8221;&#8221;,&#8221;main_content&#8221;:[{&#8220;component&#8221;:&#8221;hc_text_block&#8221;,&#8221;id&#8221;:&#8221;dyV7p&#8221;,&#8221;css_classes&#8221;:&#8221;&#8221;,&#8221;custom_css_classes&#8221;:&#8221;&#8221;,&#8221;custom_css_styles&#8221;:&#8221;&#8221;,&#8221;content&#8221;:&#8221;<!-- Final Tiles Grid Gallery for WordPress v3.6.4 free --><style>#ftg-1919 .tile .icon { color:#ffffff; }#ftg-1919 .ftg-items .loading-bar i { background:#c4c4c4; }#ftg-1919 .ftg-items .loading-bar { background:#fff; }#ftg-1919 .tile .icon { font-size:18px; }#ftg-1919 .tile .icon { margin: -9px 0 0 -9px; }#ftg-1919 .tile .caption-block .text-wrapper span.text { font-size:18px; }#ftg-1919 .tile .caption-outside .text-wrapper span.text { font-size:18px; }#ftg-1919 .tile .caption-block .text-wrapper span.title { font-size:18px; }#ftg-1919 .tile .caption-outside .text-wrapper span.title { font-size:18px; }#ftg-1919 .tile { background-color: transparent; }#ftg-1919 .tile .caption-block .text-wrapper span.text { color: #ffffff; }#ftg-1919 .tile .caption-block .text-wrapper span.title { color: #ffffff; }#ftg-1919 .tile .caption-outside .text-wrapper span.text { color: #ffffff; }#ftg-1919 .tile .caption-outside .text-wrapper span.title { color: #ffffff; }#ftg-1919 .tile .ftg-social a { color: #ffffff; }#ftg-1919 .tile { box-shadow: #e2e2e2 0px 0px 50px; }#ftg-1919 .tile .caption-block { transition-timing-function:ease; }#ftg-1919 .tile .caption-block { transition-duration:0.25s; }#ftg-1919 .tile .tile-inner:before { background-color: #000000; }#ftg-1919 .tile .tile-inner:before { background-color: rgba(0, 0, 0, 0.8); }#ftg-1919 .tile:hover img {-moz-transform: ;-webkit-transform: ;-o-transform: ;-ms-transform: ;transform: ;}<\/style><a name=\"19\"><\/a><div class=\"final-tiles-gallery  ftg-hover-enabled caption-inside  caption-none caption-bottom caption-left\" id=\"ftg-1919\" style=\"width: 100%\"><div class='ftg-items'><div  class='tile ftg-preload  '><a title=\"First Diffusor \" data-lightbox='ftg-1919' rel='ftg-1919'  class=' tile-inner  ftg-lightbox' href='https:\/\/wendt-noise-control.de\/wp-content\/uploads\/2016\/12\/Wendt-Noise-Control-Aero-Akustik-Windkanal-First-Diffusor.jpg' ><img alt='First Diffusor ' class='item skip-lazy' data-class='item' data-ftg-source='https:\/\/wendt-noise-control.de\/wp-content\/uploads\/2016\/12\/Wendt-Noise-Control-Aero-Akustik-Windkanal-First-Diffusor.jpg' src='https:\/\/wendt-noise-control.de\/wp-content\/uploads\/2016\/12\/Wendt-Noise-Control-Aero-Akustik-Windkanal-First-Diffusor.jpg' width='774' height='778' \/><div class='caption-block'><div class='text-wrapper'><span class='title'>First Diffusor <\/span><\/div><\/div><\/a><div class='ftg-social'><\/div><\/div><div  class='tile ftg-preload  '><a title=\"Turning Vane - Corner 1 -upstream\" data-lightbox='ftg-1919' rel='ftg-1919'  class=' tile-inner  ftg-lightbox' href='https:\/\/wendt-noise-control.de\/wp-content\/uploads\/2016\/12\/Wendt-Noise-Control-Aero-Akustik-Windkanal-Turning-Vane.jpg' ><img alt='Turning Vane - Corner 1 -upstream' class='item skip-lazy' data-class='item' data-ftg-source='https:\/\/wendt-noise-control.de\/wp-content\/uploads\/2016\/12\/Wendt-Noise-Control-Aero-Akustik-Windkanal-Turning-Vane.jpg' src='https:\/\/wendt-noise-control.de\/wp-content\/uploads\/2016\/12\/Wendt-Noise-Control-Aero-Akustik-Windkanal-Turning-Vane.jpg' width='774' height='778' \/><div class='caption-block'><div class='text-wrapper'><span class='title'>Turning Vane - Corner 1 -upstream<\/span><\/div><\/div><\/a><div class='ftg-social'><\/div><\/div><div  class='tile ftg-preload  '><a title=\"Turning Vane, - Corner 2 -downstream, safety mash\" data-lightbox='ftg-1919' rel='ftg-1919'  class=' tile-inner  ftg-lightbox' href='https:\/\/wendt-noise-control.de\/wp-content\/uploads\/2016\/12\/Wendt-Noise-Control-Aero-Akustik-Windkanal-Turning-Vane3.jpg' ><img alt='Turning Vane, - Corner 2 -downstream, safety mash' class='item skip-lazy' data-class='item' data-ftg-source='https:\/\/wendt-noise-control.de\/wp-content\/uploads\/2016\/12\/Wendt-Noise-Control-Aero-Akustik-Windkanal-Turning-Vane3.jpg' src='https:\/\/wendt-noise-control.de\/wp-content\/uploads\/2016\/12\/Wendt-Noise-Control-Aero-Akustik-Windkanal-Turning-Vane3.jpg' width='774' height='778' \/><div class='caption-block'><div class='text-wrapper'><span class='title'>Turning Vane, - Corner 2 -downstream, safety mash<\/span><\/div><\/div><\/a><div class='ftg-social'><\/div><\/div><div  class='tile ftg-preload  '><a title=\"Turning Vane - Corner 2upstream\" data-lightbox='ftg-1919' rel='ftg-1919'  class=' tile-inner  ftg-lightbox' href='https:\/\/wendt-noise-control.de\/wp-content\/uploads\/2016\/12\/Wendt-Noise-Control-Aero-Akustik-Windkanal-Turning-Vane2.jpg' ><img alt='Turning Vane - Corner 2upstream' class='item skip-lazy' data-class='item' data-ftg-source='https:\/\/wendt-noise-control.de\/wp-content\/uploads\/2016\/12\/Wendt-Noise-Control-Aero-Akustik-Windkanal-Turning-Vane2.jpg' src='https:\/\/wendt-noise-control.de\/wp-content\/uploads\/2016\/12\/Wendt-Noise-Control-Aero-Akustik-Windkanal-Turning-Vane2.jpg' width='774' height='778' \/><div class='caption-block'><div class='text-wrapper'><span class='title'>Turning Vane - Corner 2upstream<\/span><\/div><\/div><\/a><div class='ftg-social'><\/div><\/div><div  class='tile ftg-preload  '><a title=\"Annular Diffusor\" data-lightbox='ftg-1919' rel='ftg-1919'  class=' tile-inner  ftg-lightbox' href='https:\/\/wendt-noise-control.de\/wp-content\/uploads\/2016\/12\/Wendt-Noise-Control-Aero-Akustik-Windkanal-Annular-Diffusor.jpg' ><img alt='Annular Diffusor' class='item skip-lazy' data-class='item' data-ftg-source='https:\/\/wendt-noise-control.de\/wp-content\/uploads\/2016\/12\/Wendt-Noise-Control-Aero-Akustik-Windkanal-Annular-Diffusor.jpg' src='https:\/\/wendt-noise-control.de\/wp-content\/uploads\/2016\/12\/Wendt-Noise-Control-Aero-Akustik-Windkanal-Annular-Diffusor.jpg' width='774' height='778' \/><div class='caption-block'><div class='text-wrapper'><span class='title'>Annular Diffusor<\/span><\/div><\/div><\/a><div class='ftg-social'><\/div><\/div><div  class='tile ftg-preload  '><a title=\"Turning Vane - Corner 4 -upstream \" data-lightbox='ftg-1919' rel='ftg-1919'  class=' tile-inner  ftg-lightbox' href='https:\/\/wendt-noise-control.de\/wp-content\/uploads\/2016\/12\/Wendt-Noise-Control-Aero-Akustik-Windkanal-Turning-Vane6.jpg' ><img alt='Turning Vane - Corner 4 -upstream ' class='item skip-lazy' data-class='item' data-ftg-source='https:\/\/wendt-noise-control.de\/wp-content\/uploads\/2016\/12\/Wendt-Noise-Control-Aero-Akustik-Windkanal-Turning-Vane6.jpg' src='https:\/\/wendt-noise-control.de\/wp-content\/uploads\/2016\/12\/Wendt-Noise-Control-Aero-Akustik-Windkanal-Turning-Vane6.jpg' width='774' height='778' \/><div class='caption-block'><div class='text-wrapper'><span class='title'>Turning Vane - Corner 4 -upstream <\/span><\/div><\/div><\/a><div class='ftg-social'><\/div><\/div><div  class='tile ftg-preload  '><a title=\"Turning Vane - Corner 3 -upstream\" data-lightbox='ftg-1919' rel='ftg-1919'  class=' tile-inner  ftg-lightbox' href='https:\/\/wendt-noise-control.de\/wp-content\/uploads\/2016\/12\/Wendt-Noise-Control-Aero-Akustik-Windkanal-Turning-Vane4.jpg' ><img alt='Turning Vane - Corner 3 -upstream' class='item skip-lazy' data-class='item' data-ftg-source='https:\/\/wendt-noise-control.de\/wp-content\/uploads\/2016\/12\/Wendt-Noise-Control-Aero-Akustik-Windkanal-Turning-Vane4.jpg' src='https:\/\/wendt-noise-control.de\/wp-content\/uploads\/2016\/12\/Wendt-Noise-Control-Aero-Akustik-Windkanal-Turning-Vane4.jpg' width='774' height='778' \/><div class='caption-block'><div class='text-wrapper'><span class='title'>Turning Vane - Corner 3 -upstream<\/span><\/div><\/div><\/a><div class='ftg-social'><\/div><\/div><div  class='tile ftg-preload  '><a title=\"Turning Vane - Corner 3 -downstream \" data-lightbox='ftg-1919' rel='ftg-1919'  class=' tile-inner  ftg-lightbox' href='https:\/\/wendt-noise-control.de\/wp-content\/uploads\/2016\/12\/Wendt-Noise-Control-Aero-Akustik-Windkanal-Turning-Vane5.jpg' ><img alt='Turning Vane - Corner 3 -downstream ' class='item skip-lazy' data-class='item' data-ftg-source='https:\/\/wendt-noise-control.de\/wp-content\/uploads\/2016\/12\/Wendt-Noise-Control-Aero-Akustik-Windkanal-Turning-Vane5.jpg' src='https:\/\/wendt-noise-control.de\/wp-content\/uploads\/2016\/12\/Wendt-Noise-Control-Aero-Akustik-Windkanal-Turning-Vane5.jpg' width='774' height='778' \/><div class='caption-block'><div class='text-wrapper'><span class='title'>Turning Vane - Corner 3 -downstream <\/span><\/div><\/div><\/a><div class='ftg-social'><\/div><\/div><\/div><\/div>&#8220;}]}],&#8221;section_settings&#8221;:&#8221;&#8221;},&#8221;scripts&#8221;:{&#8220;lightbox&#8221;:&#8221;jquery.magnific-popup.min.js&#8221;},&#8221;css&#8221;:{&#8220;lightbox&#8221;:&#8221;scripts\/magnific-popup.css&#8221;},&#8221;css_page&#8221;:&#8221;&#8221;,&#8221;template_setting&#8221;:{&#8220;settings&#8221;:{&#8220;id&#8221;:&#8221;settings&#8221;}},&#8221;template_setting_top&#8221;:{},&#8221;page_setting&#8221;:{&#8220;settings&#8221;:[&#8220;lock-mode-off&#8221;]}}<\/p>\n","protected":false},"excerpt":{"rendered":"<p>{&#8220;main-title&#8221;:{&#8220;component&#8221;:&#8221;hc_title&#8221;,&#8221;id&#8221;:&#8221;main-title&#8221;,&#8221;title&#8221;:&#8221;Akustische Messr\u00e4ume und Pr\u00fcfst\u00e4nde&#8221;,&#8221;subtitle&#8221;:&#8221;&#8221;,&#8221;title_content&#8221;:{&#8220;component&#8221;:&#8221;hc_title_base&#8221;,&#8221;id&#8221;:&#8221;title-base&#8221;,&#8221;image&#8221;:&#8221;&#8221;,&#8221;breadcrumbs&#8221;:false,&#8221;white&#8221;:true}},&#8221;section_5ZtkF&#8221;:{&#8220;component&#8221;:&#8221;hc_section&#8221;,&#8221;id&#8221;:&#8221;section_5ZtkF&#8221;,&#8221;section_width&#8221;:&#8221;&#8221;,&#8221;animation&#8221;:&#8221;&#8221;,&#8221;animation_time&#8221;:&#8221;&#8221;,&#8221;timeline_animation&#8221;:&#8221;&#8221;,&#8221;timeline_delay&#8221;:&#8221;&#8221;,&#8221;timeline_order&#8221;:&#8221;&#8221;,&#8221;vertical_row&#8221;:&#8221;&#8221;,&#8221;box_middle&#8221;:&#8221;&#8221;,&#8221;css_classes&#8221;:&#8221;&#8221;,&#8221;custom_css_classes&#8221;:&#8221;&#8221;,&#8221;custom_css_styles&#8221;:&#8221;&#8221;,&#8221;section_content&#8221;:[{&#8220;component&#8221;:&#8221;hc_column&#8221;,&#8221;id&#8221;:&#8221;column_Zs10o&#8221;,&#8221;column_width&#8221;:&#8221;col-md-4&#8243;,&#8221;animation&#8221;:&#8221;&#8221;,&#8221;animation_time&#8221;:&#8221;&#8221;,&#8221;timeline_animation&#8221;:&#8221;&#8221;,&#8221;timeline_delay&#8221;:&#8221;&#8221;,&#8221;timeline_order&#8221;:&#8221;&#8221;,&#8221;css_classes&#8221;:&#8221;&#8221;,&#8221;custom_css_classes&#8221;:&#8221;&#8221;,&#8221;custom_css_styles&#8221;:&#8221;&#8221;,&#8221;main_content&#8221;:[{&#8220;component&#8221;:&#8221;hc_title_tag&#8221;,&#8221;id&#8221;:&#8221;cIueO&#8221;,&#8221;css_classes&#8221;:&#8221;text-color &#8220;,&#8221;custom_css_classes&#8221;:&#8221;&#8221;,&#8221;custom_css_styles&#8221;:&#8221;&#8221;,&#8221;text&#8221;:&#8221;We produce a silent air flow&#8221;,&#8221;tag&#8221;:&#8221;h1&#8243;}]},{&#8220;component&#8221;:&#8221;hc_column&#8221;,&#8221;id&#8221;:&#8221;column_1Gs9F&#8221;,&#8221;column_width&#8221;:&#8221;col-md-8&#8243;,&#8221;animation&#8221;:&#8221;&#8221;,&#8221;animation_time&#8221;:&#8221;&#8221;,&#8221;timeline_animation&#8221;:&#8221;&#8221;,&#8221;timeline_delay&#8221;:&#8221;&#8221;,&#8221;timeline_order&#8221;:&#8221;&#8221;,&#8221;css_classes&#8221;:&#8221;&#8221;,&#8221;custom_css_classes&#8221;:&#8221;&#8221;,&#8221;custom_css_styles&#8221;:&#8221;&#8221;,&#8221;main_content&#8221;:[{&#8220;component&#8221;:&#8221;hc_image_box&#8221;,&#8221;id&#8221;:&#8221;4t2mI&#8221;,&#8221;css_classes&#8221;:&#8221;&#8221;,&#8221;custom_css_classes&#8221;:&#8221;&#8221;,&#8221;custom_css_styles&#8221;:&#8221;&#8221;,&#8221;image&#8221;:&#8221;https:\/\/wendt-noise-control.de\/wp-content\/uploads\/2016\/12\/Wendt-Noise-Control-Aero-Akustik-Windkanal&#8211;1024&#215;630.jpg|876|1424|100001496&#8243;,&#8221;link_type&#8221;:&#8221;classic&#8221;,&#8221;lightbox_animation&#8221;:&#8221;&#8221;,&#8221;caption&#8221;:&#8221;&#8221;,&#8221;inner_caption&#8221;:false,&#8221;new_window&#8221;:false,&#8221;link&#8221;:&#8221;&#8221;,&#8221;link_content&#8221;:[],&#8221;lightbox_size&#8221;:&#8221;&#8221;,&#8221;scrollbox&#8221;:false,&#8221;icon&#8221;:&#8221;&#8221;,&#8221;style&#8221;:&#8221;&#8221;,&#8221;icon_position&#8221;:&#8221;&#8221;,&#8221;image_animation&#8221;:&#8221;&#8221;,&#8221;icon_animation&#8221;:&#8221;&#8221;,&#8221;thumb_size&#8221;:&#8221;large&#8221;,&#8221;icon_hidden&#8221;:true,&#8221;img_box_inner_caption&#8221;:true,&#8221;caption_img_box&#8221;:&#8221;&#8221;,&#8221;alt&#8221;:&#8221;&#8221;},{&#8220;component&#8221;:&#8221;hc_space&#8221;,&#8221;id&#8221;:&#8221;sXzyy&#8221;,&#8221;css_classes&#8221;:&#8221;&#8221;,&#8221;custom_css_classes&#8221;:&#8221;&#8221;,&#8221;custom_css_styles&#8221;:&#8221;&#8221;,&#8221;size&#8221;:&#8221;s&#8221;,&#8221;height&#8221;:&#8221;&#8221;}]},{&#8220;component&#8221;:&#8221;hc_column&#8221;,&#8221;id&#8221;:&#8221;column_SUETN&#8221;,&#8221;column_width&#8221;:&#8221;col-md-4&#8243;,&#8221;animation&#8221;:&#8221;&#8221;,&#8221;animation_time&#8221;:&#8221;&#8221;,&#8221;timeline_animation&#8221;:&#8221;&#8221;,&#8221;timeline_delay&#8221;:&#8221;&#8221;,&#8221;timeline_order&#8221;:&#8221;&#8221;,&#8221;css_classes&#8221;:&#8221;&#8221;,&#8221;custom_css_classes&#8221;:&#8221;&#8221;,&#8221;custom_css_styles&#8221;:&#8221;&#8221;,&#8221;main_content&#8221;:[{&#8220;component&#8221;:&#8221;hc_image_box&#8221;,&#8221;id&#8221;:&#8221;HLWvy&#8221;,&#8221;css_classes&#8221;:&#8221;&#8221;,&#8221;custom_css_classes&#8221;:&#8221;&#8221;,&#8221;custom_css_styles&#8221;:&#8221;&#8221;,&#8221;image&#8221;:&#8221;https:\/\/wendt-noise-control.de\/wp-content\/uploads\/2019\/09\/Wendt-Noise-Control-Aero-Akustik-Windkanal-skizze-1024&#215;630.jpg|876|1424|100001517&#8243;,&#8221;link_type&#8221;:&#8221;lightbox&#8221;,&#8221;lightbox_animation&#8221;:&#8221;&#8221;,&#8221;caption&#8221;:&#8221;&#8221;,&#8221;inner_caption&#8221;:false,&#8221;new_window&#8221;:false,&#8221;link&#8221;:&#8221;https:\/\/wendt-noise-control.de\/wp-content\/uploads\/2019\/09\/Wendt-Noise-Control-Aero-Akustik-Windkanal-skizze.jpg&#8221;,&#8221;link_content&#8221;:[],&#8221;lightbox_size&#8221;:&#8221;&#8221;,&#8221;scrollbox&#8221;:false,&#8221;icon&#8221;:&#8221;&#8221;,&#8221;style&#8221;:&#8221;&#8221;,&#8221;icon_position&#8221;:&#8221;&#8221;,&#8221;image_animation&#8221;:&#8221;&#8221;,&#8221;icon_animation&#8221;:&#8221;&#8221;,&#8221;thumb_size&#8221;:&#8221;large&#8221;,&#8221;icon_hidden&#8221;:true,&#8221;img_box_inner_caption&#8221;:true,&#8221;caption_img_box&#8221;:&#8221;&#8221;,&#8221;alt&#8221;:&#8221;&#8221;}]},{&#8220;component&#8221;:&#8221;hc_column&#8221;,&#8221;id&#8221;:&#8221;column_KXvdY&#8221;,&#8221;column_width&#8221;:&#8221;col-md-8&#8243;,&#8221;animation&#8221;:&#8221;&#8221;,&#8221;animation_time&#8221;:&#8221;&#8221;,&#8221;timeline_animation&#8221;:&#8221;&#8221;,&#8221;timeline_delay&#8221;:&#8221;&#8221;,&#8221;timeline_order&#8221;:&#8221;&#8221;,&#8221;css_classes&#8221;:&#8221;&#8221;,&#8221;custom_css_classes&#8221;:&#8221;&#8221;,&#8221;custom_css_styles&#8221;:&#8221;&#8221;,&#8221;main_content&#8221;:[{&#8220;component&#8221;:&#8221;hc_text_block&#8221;,&#8221;id&#8221;:&#8221;18lW8&#8243;,&#8221;css_classes&#8221;:&#8221;&#8221;,&#8221;custom_css_classes&#8221;:&#8221;&#8221;,&#8221;custom_css_styles&#8221;:&#8221;&#8221;,&#8221;content&#8221;:&#8221;In the wind tunnel an optimized flow technology combined with sound-absorbing linings must be harmonized. All turning vanes act as highly efficient silencers equipped with upstream and downstream profiles to reduce the pressure loss.\\n\\nOur employees have a high level of expertise &#8211; they have contributed their [&hellip;]<\/p>\n","protected":false},"author":3,"featured_media":0,"parent":0,"menu_order":0,"comment_status":"closed","ping_status":"closed","template":"","meta":{"footnotes":""},"class_list":["post-100001527","page","type-page","status-publish","hentry"],"_links":{"self":[{"href":"https:\/\/wendt-noise-control.de\/en\/wp-json\/wp\/v2\/pages\/100001527","targetHints":{"allow":["GET"]}}],"collection":[{"href":"https:\/\/wendt-noise-control.de\/en\/wp-json\/wp\/v2\/pages"}],"about":[{"href":"https:\/\/wendt-noise-control.de\/en\/wp-json\/wp\/v2\/types\/page"}],"author":[{"embeddable":true,"href":"https:\/\/wendt-noise-control.de\/en\/wp-json\/wp\/v2\/users\/3"}],"replies":[{"embeddable":true,"href":"https:\/\/wendt-noise-control.de\/en\/wp-json\/wp\/v2\/comments?post=100001527"}],"version-history":[{"count":6,"href":"https:\/\/wendt-noise-control.de\/en\/wp-json\/wp\/v2\/pages\/100001527\/revisions"}],"predecessor-version":[{"id":100001567,"href":"https:\/\/wendt-noise-control.de\/en\/wp-json\/wp\/v2\/pages\/100001527\/revisions\/100001567"}],"wp:attachment":[{"href":"https:\/\/wendt-noise-control.de\/en\/wp-json\/wp\/v2\/media?parent=100001527"}],"curies":[{"name":"wp","href":"https:\/\/api.w.org\/{rel}","templated":true}]}}